{"id":7,"date":"2024-09-09T13:58:25","date_gmt":"2024-09-09T11:58:25","guid":{"rendered":"https:\/\/wg-awg-pischeldorf.at\/newws\/?page_id=7"},"modified":"2025-06-07T11:56:41","modified_gmt":"2025-06-07T09:56:41","slug":"home","status":"publish","type":"page","link":"https:\/\/wg-awg-pischeldorf.at\/newws\/","title":{"rendered":"Startseite"},"content":{"rendered":"\n<div style=\"height:0px\" aria-hidden=\"true\" class=\"wp-block-spacer\"><\/div>\n\n\n\n<div class=\"wp-block-cover alignfull is-light\" style=\"min-height:64px;aspect-ratio:unset;\"><video class=\"wp-block-cover__video-background intrinsic-ignore\" autoplay muted loop playsinline src=\"https:\/\/wg-awg-pischeldorf.at\/newws\/wp-content\/uploads\/2024\/09\/Header.mp4\" style=\"object-position:50% 50%\" data-object-fit=\"cover\" data-object-position=\"50% 50%\"><\/video><span aria-hidden=\"true\" class=\"wp-block-cover__background has-background-dim-0 has-background-dim\" style=\"background-color:#FFF\"><\/span><div class=\"wp-block-cover__inner-container is-layout-constrained wp-block-cover-is-layout-constrained\">\n<blockquote class=\"wp-block-quote is-layout-flow wp-block-quote-is-layout-flow\">\n<p><\/p>\n<\/blockquote>\n<\/div><\/div>\n\n\n\n<div style=\"height:6px\" aria-hidden=\"true\" class=\"wp-block-spacer\"><\/div>\n\n\n\n<h3 class=\"wp-block-heading\">Willkommen<\/h3>\n\n\n\n<p class=\"has-medium-font-size\">Herzlich Willkommen bei der Wasser- und Abwassergenossenschaft Pischeldorf.<\/p>\n\n\n\n<p class=\"has-medium-font-size\">Auf dieser Webseite k\u00f6nnen Sie sich \u00fcber aktuelle Themen rund um unsere Wasser- und Abwasserversorgung informieren. <br>Im Abschnitt &#8222;Wichtige Info&#8220; und &#8222;Letzte Beitr\u00e4ge&#8220; werden sie \u00fcber Aktuelles informiert und in den Men\u00fcs finden Sie weitere hilfreiche Informationen zu den Themen Wasser und Abwasser in Pischeldorf und Umgebung&#8230;<\/p>\n\n\n\n<div style=\"padding:0\" class=\"wp-block-tnp-minimal\"><p><strong>Um keine wichtige Info zu verpassen, registriere dich bitte zu unserem Newsletter<\/strong>:<\/p><div><div class=\"tnp tnp-subscription-minimal  \"><form action=\"https:\/\/wg-awg-pischeldorf.at\/newws\/?na=s\" method=\"post\" style=\"text-align: center\"><input type=\"hidden\" name=\"nr\" value=\"minimal\">\n<input type=\"hidden\" name=\"nlang\" value=\"\">\n<input class=\"tnp-email\" type=\"email\" required name=\"ne\" value=\"\" placeholder=\"Email\"><input class=\"tnp-submit\" type=\"submit\" value=\"Anmelden\" style=\"\">\n<div class=\"tnp-field tnp-privacy-field\"><label><input type=\"checkbox\" name=\"ny\" required class=\"tnp-privacy\"> <a target=\"_blank\" href=\"https:\/\/wg-awg-pischeldorf.at\/newws\/datenschutzerklaerung\/\">Ich akzeptiere die Datenschutzerkl\u00e4rung!<\/a><\/label><\/div><\/form><\/div>\n<\/div><\/div>\n\n\n\n<div style=\"height:16px\" aria-hidden=\"true\" class=\"wp-block-spacer\"><\/div>\n\n\n\n<div class=\"wp-block-cover has-medium-font-size wp-duotone-unset-1\" style=\"border-style:none;border-width:0px;border-radius:14px;min-height:236px;aspect-ratio:unset;\"><span aria-hidden=\"true\" class=\"wp-block-cover__background has-background-dim-80 has-background-dim has-background-gradient\" style=\"background:linear-gradient(135deg,rgb(8,159,229) 6%,rgba(21,191,235,0.43) 66%)\"><\/span><div class=\"wp-block-cover__inner-container is-layout-constrained wp-block-cover-is-layout-constrained\">\n<h3 class=\"wp-block-heading has-text-align-center has-nv-dark-bg-color has-text-color has-link-color wp-elements-8b7d4b79d4e10e9cf35d3e6a0ea7a6ce\" style=\"text-decoration:underline\">Wichtige Info<\/h3>\n\n\n\n<div class=\"wp-block-columns is-layout-flex wp-container-core-columns-is-layout-9d6595d7 wp-block-columns-is-layout-flex\">\n<div class=\"wp-block-column has-small-font-size is-layout-flow wp-block-column-is-layout-flow\">\n<p class=\"has-nv-dark-bg-color has-text-color has-link-color has-medium-font-size wp-elements-93ac1aaa8cd5a8892fe80d9af71f9122\"><strong>Wasser in Pischeldorf: <\/strong><br>Das Trinkwasser ist in Ordnung. <\/p>\n\n\n\n<p class=\"has-nv-dark-bg-color has-text-color has-link-color has-medium-font-size wp-elements-35ee96dd674b7051db536b843cea1323\"><strong>Wasser in Freudenberg: <\/strong><br>Das Trinkwasser ist in Ordnung.<\/p>\n<\/div>\n\n\n\n<div class=\"wp-block-column has-small-font-size is-layout-flow wp-block-column-is-layout-flow\">\n<p class=\"has-text-align-center has-nv-dark-bg-color has-text-color has-link-color has-medium-font-size wp-elements-17a9bfc7b207584e99344b3238d92670\"><br><strong>Poolf\u00fcllungen<\/strong>:<br>Sie d\u00fcrfen Ihren Pool nur bef\u00fcllen, <br>wenn Sie die Zustimmung vom <a href=\"https:\/\/wg-awg-pischeldorf.at\/newws\/vorstand-wassergenossenschaft\/\" data-type=\"page\" data-id=\"9\">Wasserwart <\/a>haben.<br>Sollten Sie trotzdem darauf nicht R\u00fccksicht nehmen und kommt es zu einer Wasserknappheit, so sehen wir uns gezwungen Ihnen den Aufwand f\u00fcr Ersatzwasser in Rechnung zu stellen. <br><br><strong>Rasenberegung:<\/strong><br>Bitte keine Dauerberegnung mit Trinkwasser w\u00e4hrend der Sommermonate!<br><\/p>\n<\/div>\n<\/div>\n<\/div><\/div>\n\n\n\n<div style=\"height:23px\" aria-hidden=\"true\" class=\"wp-block-spacer\"><\/div>\n\n\n\n<div class=\"wp-block-cover is-light\" style=\"border-radius:22px;min-height:224px;aspect-ratio:unset;\"><span aria-hidden=\"true\" class=\"wp-block-cover__background has-background-dim-30 has-background-dim has-background-gradient\" style=\"background:linear-gradient(127deg,rgba(237,237,237,0.92) 43%,rgba(169,183,194,0.95) 100%)\"><\/span><div class=\"wp-block-cover__inner-container is-layout-constrained wp-block-cover-is-layout-constrained\">\n<h3 class=\"wp-block-heading has-text-align-center has-medium-font-size\" style=\"text-decoration:underline\">Letzte Beitr\u00e4ge<\/h3>\n\n\n<ul class=\"wp-block-latest-posts__list is-grid columns-3 has-dates has-link-color wp-elements-60ee7fb65c815e5876c4bd90b1edbd1c wp-block-latest-posts has-text-color has-nv-dark-bg-color has-medium-font-size\"><li><div class=\"wp-block-latest-posts__featured-image alignleft\"><a href=\"https:\/\/wg-awg-pischeldorf.at\/newws\/2025\/10\/24\/notversorgung-wieder-hergestellt\/\" aria-label=\"Notversorgung wieder hergestellt\"><img loading=\"lazy\" decoding=\"async\" width=\"150\" height=\"150\" src=\"https:\/\/wg-awg-pischeldorf.at\/newws\/wp-content\/uploads\/2024\/09\/wg-9064-150x150.jpg\" class=\"attachment-thumbnail size-thumbnail wp-post-image\" alt=\"\" style=\"max-width:50px;max-height:75px;\" \/><\/a><\/div><a class=\"wp-block-latest-posts__post-title\" href=\"https:\/\/wg-awg-pischeldorf.at\/newws\/2025\/10\/24\/notversorgung-wieder-hergestellt\/\">Notversorgung wieder hergestellt<\/a><time datetime=\"2025-10-24T13:42:26+02:00\" class=\"wp-block-latest-posts__post-date\">24. Oktober 2025<\/time><\/li>\n<li><a class=\"wp-block-latest-posts__post-title\" href=\"https:\/\/wg-awg-pischeldorf.at\/newws\/2025\/10\/23\/baustart-wasserleitung-deinsdorf-pischeldorf\/\">Baustart Wasserleitung Deinsdorf-Pischeldorf<\/a><time datetime=\"2025-10-23T16:34:03+02:00\" class=\"wp-block-latest-posts__post-date\">23. Oktober 2025<\/time><\/li>\n<li><a class=\"wp-block-latest-posts__post-title\" href=\"https:\/\/wg-awg-pischeldorf.at\/newws\/2025\/10\/17\/wasserknappheit-okt-2025\/\">Wasserknappheit Okt. 2025<\/a><time datetime=\"2025-10-17T18:53:18+02:00\" class=\"wp-block-latest-posts__post-date\">17. Oktober 2025<\/time><\/li>\n<li><div class=\"wp-block-latest-posts__featured-image alignleft\"><a href=\"https:\/\/wg-awg-pischeldorf.at\/newws\/2025\/08\/29\/jahreshauptversammlung-04-09-2025\/\" aria-label=\"Jahreshauptversammlung &#8211; 04.09.2025\"><img loading=\"lazy\" decoding=\"async\" width=\"150\" height=\"99\" src=\"https:\/\/wg-awg-pischeldorf.at\/newws\/wp-content\/uploads\/2024\/09\/cropped-cropped-logo_comp-150x99.jpg\" class=\"attachment-thumbnail size-thumbnail wp-post-image\" alt=\"\" style=\"max-width:50px;max-height:75px;\" \/><\/a><\/div><a class=\"wp-block-latest-posts__post-title\" href=\"https:\/\/wg-awg-pischeldorf.at\/newws\/2025\/08\/29\/jahreshauptversammlung-04-09-2025\/\">Jahreshauptversammlung &#8211; 04.09.2025<\/a><time datetime=\"2025-08-29T15:49:19+02:00\" class=\"wp-block-latest-posts__post-date\">29. August 2025<\/time><\/li>\n<li><div class=\"wp-block-latest-posts__featured-image alignleft\"><a href=\"https:\/\/wg-awg-pischeldorf.at\/newws\/2025\/07\/18\/wassersituation-verbessert\/\" aria-label=\"Wassersituation verbessert\"><img loading=\"lazy\" decoding=\"async\" width=\"150\" height=\"150\" src=\"https:\/\/wg-awg-pischeldorf.at\/newws\/wp-content\/uploads\/2024\/09\/cropped-wg-9064-150x150.jpg\" class=\"attachment-thumbnail size-thumbnail wp-post-image\" alt=\"\" style=\"max-width:50px;max-height:75px;\" \/><\/a><\/div><a class=\"wp-block-latest-posts__post-title\" href=\"https:\/\/wg-awg-pischeldorf.at\/newws\/2025\/07\/18\/wassersituation-verbessert\/\">Wassersituation verbessert<\/a><time datetime=\"2025-07-18T13:52:47+02:00\" class=\"wp-block-latest-posts__post-date\">18. Juli 2025<\/time><\/li>\n<li><div class=\"wp-block-latest-posts__featured-image alignleft\"><a href=\"https:\/\/wg-awg-pischeldorf.at\/newws\/2025\/07\/02\/was-ist-passiert-wie-gehts-weiter-wasserknappheit\/\" aria-label=\"Was ist passiert \/ Wie geht&#8217;s weiter &#8211; Wasserknappheit\"><img loading=\"lazy\" decoding=\"async\" width=\"150\" height=\"150\" src=\"https:\/\/wg-awg-pischeldorf.at\/newws\/wp-content\/uploads\/2024\/09\/cropped-wg-9064-150x150.jpg\" class=\"attachment-thumbnail size-thumbnail wp-post-image\" alt=\"\" style=\"max-width:50px;max-height:75px;\" \/><\/a><\/div><a class=\"wp-block-latest-posts__post-title\" href=\"https:\/\/wg-awg-pischeldorf.at\/newws\/2025\/07\/02\/was-ist-passiert-wie-gehts-weiter-wasserknappheit\/\">Was ist passiert \/ Wie geht&#8217;s weiter &#8211; Wasserknappheit<\/a><time datetime=\"2025-07-02T17:45:48+02:00\" class=\"wp-block-latest-posts__post-date\">2. Juli 2025<\/time><\/li>\n<\/ul><\/div><\/div>\n","protected":false},"excerpt":{"rendered":"<p>Willkommen Herzlich Willkommen bei der Wasser- und Abwassergenossenschaft Pischeldorf. Auf dieser Webseite k\u00f6nnen Sie sich \u00fcber aktuelle Themen rund um unsere Wasser- und Abwasserversorgung informieren. Im Abschnitt &#8222;Wichtige Info&#8220; und &#8222;Letzte Beitr\u00e4ge&#8220; werden sie \u00fcber Aktuelles informiert und in den Men\u00fcs finden Sie weitere hilfreiche Informationen zu den Themen Wasser und Abwasser in Pischeldorf und&hellip;&nbsp;<a href=\"https:\/\/wg-awg-pischeldorf.at\/newws\/\" rel=\"bookmark\">Weiterlesen &raquo;<span class=\"screen-reader-text\">Startseite<\/span><\/a><\/p>\n","protected":false},"author":1,"featured_media":0,"parent":0,"menu_order":0,"comment_status":"closed","ping_status":"closed","template":"","meta":{"neve_meta_sidebar":"full-width","neve_meta_container":"default","neve_meta_enable_content_width":"on","neve_meta_content_width":100,"neve_meta_title_alignment":"left","neve_meta_author_avatar":"","neve_post_elements_order":"","neve_meta_disable_header":"","neve_meta_disable_footer":"","neve_meta_disable_title":"on","ngg_post_thumbnail":0,"footnotes":""},"class_list":["post-7","page","type-page","status-publish","hentry"],"_links":{"self":[{"href":"https:\/\/wg-awg-pischeldorf.at\/newws\/wp-json\/wp\/v2\/pages\/7","targetHints":{"allow":["GET"]}}],"collection":[{"href":"https:\/\/wg-awg-pischeldorf.at\/newws\/wp-json\/wp\/v2\/pages"}],"about":[{"href":"https:\/\/wg-awg-pischeldorf.at\/newws\/wp-json\/wp\/v2\/types\/page"}],"author":[{"embeddable":true,"href":"https:\/\/wg-awg-pischeldorf.at\/newws\/wp-json\/wp\/v2\/users\/1"}],"replies":[{"embeddable":true,"href":"https:\/\/wg-awg-pischeldorf.at\/newws\/wp-json\/wp\/v2\/comments?post=7"}],"version-history":[{"count":74,"href":"https:\/\/wg-awg-pischeldorf.at\/newws\/wp-json\/wp\/v2\/pages\/7\/revisions"}],"predecessor-version":[{"id":554,"href":"https:\/\/wg-awg-pischeldorf.at\/newws\/wp-json\/wp\/v2\/pages\/7\/revisions\/554"}],"wp:attachment":[{"href":"https:\/\/wg-awg-pischeldorf.at\/newws\/wp-json\/wp\/v2\/media?parent=7"}],"curies":[{"name":"wp","href":"https:\/\/api.w.org\/{rel}","templated":true}]}}