{"id":265,"date":"2024-09-10T11:29:47","date_gmt":"2024-09-10T09:29:47","guid":{"rendered":"https:\/\/wg-awg-pischeldorf.at\/newws\/?page_id=265"},"modified":"2024-09-10T11:32:45","modified_gmt":"2024-09-10T09:32:45","slug":"pruefberichte","status":"publish","type":"page","link":"https:\/\/wg-awg-pischeldorf.at\/newws\/pruefberichte\/","title":{"rendered":"Pr\u00fcfberichte"},"content":{"rendered":"\n<div class=\"wp-block-cover alignfull is-light\" style=\"min-height:64px;aspect-ratio:unset;\"><span aria-hidden=\"true\" class=\"wp-block-cover__background has-background-dim-0 has-background-dim\" style=\"background-color:#FFF\"><\/span><video class=\"wp-block-cover__video-background intrinsic-ignore\" autoplay muted loop playsinline src=\"https:\/\/wg-awg-pischeldorf.at\/newws\/wp-content\/uploads\/2024\/09\/Header.mp4\" style=\"object-position:50% 50%\" data-object-fit=\"cover\" data-object-position=\"50% 50%\"><\/video><div class=\"wp-block-cover__inner-container is-layout-constrained wp-block-cover-is-layout-constrained\">\n<blockquote class=\"wp-block-quote is-layout-flow wp-block-quote-is-layout-flow\">\n<p><\/p>\n<\/blockquote>\n<\/div><\/div>\n\n\n\n<div style=\"height:15px\" aria-hidden=\"true\" class=\"wp-block-spacer\"><\/div>\n\n\n\n<h3 class=\"wp-block-heading has-text-align-center\">Wasserpr\u00fcfberichte<\/h3>\n\n\n\n<p>F\u00fcr Fragen wenden Sie sich bitte an <a href=\"mailto:office@awg-wg-9064.at\">office@awg-wg-9064.at<\/a><\/p>\n\n\n\n<div style=\"height:28px\" aria-hidden=\"true\" class=\"wp-block-spacer\"><\/div>\n\n\n\n<h4 class=\"wp-block-heading has-text-align-left\">Wasserpr\u00fcfbericht Pischeldorf 2024<\/h4>\n\n\n\n<div data-wp-interactive=\"core\/file\" class=\"wp-block-file\"><object data-wp-bind--hidden=\"!state.hasPdfPreview\" hidden class=\"wp-block-file__embed\" data=\"https:\/\/wg-awg-pischeldorf.at\/newws\/wp-content\/uploads\/2024\/09\/Wasserpruefbereicht-2024-Fruehjahr-Pischeldorf.pdf\" type=\"application\/pdf\" style=\"width:100%;height:600px\" aria-label=\"Einbettung von Wasserpr\u00fcfbereicht 2024 Fr\u00fchjahr Pischeldorf.\"><\/object><a id=\"wp-block-file--media-a7ddea93-7c9f-4074-8a53-d1da09092d49\" href=\"https:\/\/wg-awg-pischeldorf.at\/newws\/wp-content\/uploads\/2024\/09\/Wasserpruefbereicht-2024-Fruehjahr-Pischeldorf.pdf\">Wasserpr\u00fcfbereicht 2024 Fr\u00fchjahr Pischeldorf<\/a><a href=\"https:\/\/wg-awg-pischeldorf.at\/newws\/wp-content\/uploads\/2024\/09\/Wasserpruefbereicht-2024-Fruehjahr-Pischeldorf.pdf\" class=\"wp-block-file__button wp-element-button\" download aria-describedby=\"wp-block-file--media-a7ddea93-7c9f-4074-8a53-d1da09092d49\">Herunterladen<\/a><\/div>\n\n\n\n<div style=\"height:28px\" aria-hidden=\"true\" class=\"wp-block-spacer\"><\/div>\n\n\n\n<h4 class=\"wp-block-heading has-text-align-center\">Wasserpr\u00fcfbericht Freudenberg 2024<\/h4>\n\n\n\n<div data-wp-interactive=\"core\/file\" class=\"wp-block-file\"><object data-wp-bind--hidden=\"!state.hasPdfPreview\" hidden class=\"wp-block-file__embed\" data=\"https:\/\/wg-awg-pischeldorf.at\/newws\/wp-content\/uploads\/2024\/09\/Wasserpruefbereicht-2024-Fruehjahr-Freudenberg.pdf\" type=\"application\/pdf\" style=\"width:100%;height:600px\" aria-label=\"Einbettung von Wasserpr\u00fcfbereicht 2024 Fr\u00fchjahr Freudenberg.\"><\/object><a id=\"wp-block-file--media-a7ddea93-7c9f-4074-8a53-d1da09092d49\" href=\"https:\/\/wg-awg-pischeldorf.at\/newws\/wp-content\/uploads\/2024\/09\/Wasserpruefbereicht-2024-Fruehjahr-Freudenberg.pdf\">Wasserpr\u00fcfbereicht 2024 Fr\u00fchjahr Freudenberg<\/a><a href=\"https:\/\/wg-awg-pischeldorf.at\/newws\/wp-content\/uploads\/2024\/09\/Wasserpruefbereicht-2024-Fruehjahr-Freudenberg.pdf\" class=\"wp-block-file__button wp-element-button\" download aria-describedby=\"wp-block-file--media-a7ddea93-7c9f-4074-8a53-d1da09092d49\">Herunterladen<\/a><\/div>\n\n\n\n<div style=\"height:54px\" aria-hidden=\"true\" class=\"wp-block-spacer\"><\/div>\n\n\n\n<h4 class=\"wp-block-heading has-text-align-center\"><\/h4>\n","protected":false},"excerpt":{"rendered":"<p>Wasserpr\u00fcfberichte F\u00fcr Fragen wenden Sie sich bitte an office@awg-wg-9064.at Wasserpr\u00fcfbericht Pischeldorf 2024 Wasserpr\u00fcfbericht Freudenberg 2024<\/p>\n","protected":false},"author":1,"featured_media":0,"parent":0,"menu_order":0,"comment_status":"closed","ping_status":"closed","template":"","meta":{"neve_meta_sidebar":"full-width","neve_meta_container":"","neve_meta_enable_content_width":"on","neve_meta_content_width":100,"neve_meta_title_alignment":"","neve_meta_author_avatar":"","neve_post_elements_order":"","neve_meta_disable_header":"","neve_meta_disable_footer":"","neve_meta_disable_title":"on","ngg_post_thumbnail":0,"footnotes":""},"class_list":["post-265","page","type-page","status-publish","hentry"],"_links":{"self":[{"href":"https:\/\/wg-awg-pischeldorf.at\/newws\/wp-json\/wp\/v2\/pages\/265","targetHints":{"allow":["GET"]}}],"collection":[{"href":"https:\/\/wg-awg-pischeldorf.at\/newws\/wp-json\/wp\/v2\/pages"}],"about":[{"href":"https:\/\/wg-awg-pischeldorf.at\/newws\/wp-json\/wp\/v2\/types\/page"}],"author":[{"embeddable":true,"href":"https:\/\/wg-awg-pischeldorf.at\/newws\/wp-json\/wp\/v2\/users\/1"}],"replies":[{"embeddable":true,"href":"https:\/\/wg-awg-pischeldorf.at\/newws\/wp-json\/wp\/v2\/comments?post=265"}],"version-history":[{"count":2,"href":"https:\/\/wg-awg-pischeldorf.at\/newws\/wp-json\/wp\/v2\/pages\/265\/revisions"}],"predecessor-version":[{"id":268,"href":"https:\/\/wg-awg-pischeldorf.at\/newws\/wp-json\/wp\/v2\/pages\/265\/revisions\/268"}],"wp:attachment":[{"href":"https:\/\/wg-awg-pischeldorf.at\/newws\/wp-json\/wp\/v2\/media?parent=265"}],"curies":[{"name":"wp","href":"https:\/\/api.w.org\/{rel}","templated":true}]}}