{"id":192,"date":"2024-09-10T09:43:07","date_gmt":"2024-09-10T07:43:07","guid":{"rendered":"https:\/\/wg-awg-pischeldorf.at\/newws\/?page_id=192"},"modified":"2024-10-02T13:32:08","modified_gmt":"2024-10-02T11:32:08","slug":"antragsformulare","status":"publish","type":"page","link":"https:\/\/wg-awg-pischeldorf.at\/newws\/antragsformulare\/","title":{"rendered":"Tarife und Antr\u00e4ge"},"content":{"rendered":"\n<div class=\"wp-block-cover alignfull is-light\" style=\"min-height:64px;aspect-ratio:unset;\"><span aria-hidden=\"true\" class=\"wp-block-cover__background has-background-dim-0 has-background-dim\" style=\"background-color:#FFF\"><\/span><video class=\"wp-block-cover__video-background intrinsic-ignore\" autoplay muted loop playsinline src=\"https:\/\/wg-awg-pischeldorf.at\/newws\/wp-content\/uploads\/2024\/09\/Header.mp4\" style=\"object-position:50% 50%\" data-object-fit=\"cover\" data-object-position=\"50% 50%\"><\/video><div class=\"wp-block-cover__inner-container is-layout-constrained wp-block-cover-is-layout-constrained\">\n<blockquote class=\"wp-block-quote is-layout-flow wp-block-quote-is-layout-flow\">\n<p><\/p>\n<\/blockquote>\n<\/div><\/div>\n\n\n\n<div style=\"height:15px\" aria-hidden=\"true\" class=\"wp-block-spacer\"><\/div>\n\n\n\n<h3 class=\"wp-block-heading has-text-align-left\" style=\"text-decoration:underline\">Antragsformulare<\/h3>\n\n\n\n<p>Hier finden Sie die Antragsformulare f\u00fcr Kanal- und Wasseranschluss. <br>Formular bitte ausdrucken, ausf\u00fcllen und dem Vorstand der jeweiligen Genossenschaft \u00fcbergeben oder per mail an <a href=\"mailto:office@awg-wg-9064.at\">office@awg-wg-9064.at<\/a><\/p>\n\n\n\n<div class=\"wp-block-file\"><a id=\"wp-block-file--media-3539a3de-b033-4e73-8f6f-da5d1683e82c\" href=\"https:\/\/wg-awg-pischeldorf.at\/newws\/wp-content\/uploads\/2024\/09\/Ansuchen-Mitgliedschaft-KANAL.doc\">Ansuchen Mitgliedschaft KANAL<\/a><a href=\"https:\/\/wg-awg-pischeldorf.at\/newws\/wp-content\/uploads\/2024\/09\/Ansuchen-Mitgliedschaft-KANAL.doc\" class=\"wp-block-file__button wp-element-button\" download aria-describedby=\"wp-block-file--media-3539a3de-b033-4e73-8f6f-da5d1683e82c\">Herunterladen<\/a><\/div>\n\n\n\n<div class=\"wp-block-file\"><a id=\"wp-block-file--media-bb8d11c3-3526-47e0-9855-18f730c42e77\" href=\"https:\/\/wg-awg-pischeldorf.at\/newws\/wp-content\/uploads\/2024\/09\/Ansuchen-Mitgliedschaft-WASSER.doc\">Ansuchen Mitgliedschaft WASSER<\/a><a href=\"https:\/\/wg-awg-pischeldorf.at\/newws\/wp-content\/uploads\/2024\/09\/Ansuchen-Mitgliedschaft-WASSER.doc\" class=\"wp-block-file__button wp-element-button\" download aria-describedby=\"wp-block-file--media-bb8d11c3-3526-47e0-9855-18f730c42e77\">Herunterladen<\/a><\/div>\n\n\n\n<div style=\"height:36px\" aria-hidden=\"true\" class=\"wp-block-spacer\"><\/div>\n\n\n\n<h3 class=\"wp-block-heading has-text-align-left\" style=\"text-decoration:underline\">Tarif\/Kosten Wasserbezug<\/h3>\n\n\n\n<p class=\"has-neve-text-color-color has-text-color has-link-color has-medium-font-size wp-elements-a9d5d4f2782493ef1a990cf7073b76c1\"><strong>Anschlussgeb\u00fchr:<\/strong> <em>100m\u00b2 Wohnfl\u00e4che = 1 Bewertungseinheit =<strong> <\/strong>2.180 \u20ac <\/em><br><strong>Tarif: <\/strong><em>1,00 \u20ac je m\u00b3 Wasserbezug sowie 30 \u20ac je Bewertungseinheit<\/em><br><strong>Tariferh\u00f6hung ab n\u00e4chstem Abrechnungszeitraum: <\/strong><em>1,50 \u20ac je m\u00b3 Wasserbezug sowie 50 \u20ac je Bewertungseinheit<\/em><br><strong>Z\u00e4hlermiete:<\/strong> <em>17\u20ac pro Jahr (siehe Information <a href=\"https:\/\/wg-awg-pischeldorf.at\/newws\/wp-content\/uploads\/2024\/09\/Wasserzaehlertausch.pdf\" data-type=\"attachment\" data-id=\"261\">hier<\/a>)<\/em><br><strong>Anmerkung:<\/strong> Die Vorschreibung erfolg durch die Wassergenossenschaft Pischeldorf!<\/p>\n\n\n\n<div style=\"height:35px\" aria-hidden=\"true\" class=\"wp-block-spacer\"><\/div>\n\n\n\n<h3 class=\"wp-block-heading has-text-align-left\" style=\"text-decoration:underline\">Tarif\/Kosten Abwasser<\/h3>\n\n\n\n<p class=\"has-text-align-left has-medium-font-size\"><strong>Anschlussgeb\u00fchr:<\/strong> <em>100m\u00b2 Wohnfl\u00e4che = 1 Bewertungseinheit =<strong> <\/strong>2.543,55 \u20ac <\/em><br><strong>Tarif: <\/strong><em>2,09<\/em><em> \u20ac je m\u00b3 entsorgtem Wasser sowie 143 \u20ac je Bewertungseinheit <\/em><br><strong>Tariferh\u00f6hung ab n\u00e4chstem Abrechnungszeitraum:<\/strong> <em>154 \u20ac je Bewertungseinheit <\/em><br><strong>Anmerkung:<\/strong> Die Vorschreibung erfolg durch die Marktgemeinde Magdalensberg!<\/p>\n\n\n\n<div style=\"height:33px\" aria-hidden=\"true\" class=\"wp-block-spacer\"><\/div>\n\n\n\n<div class=\"wp-block-cover\"><span aria-hidden=\"true\" class=\"wp-block-cover__background has-nv-light-bg-background-color has-background-dim-100 has-background-dim\"><\/span><div class=\"wp-block-cover__inner-container is-layout-constrained wp-block-cover-is-layout-constrained\">\n<p class=\"has-text-align-center has-neve-text-color-color has-text-color has-link-color wp-elements-fd6b95b6725c7c17beaa6c2ba5d1ec18\"><strong>WICHTIGER HINWEIS !<\/strong><\/p>\n\n\n\n<p class=\"has-text-align-center has-neve-text-color-color has-text-color has-link-color wp-elements-979ffd1a4025d6bf60dadd16841a0f43\">Regelung betreffend Umwidmung von Grundst\u00fccken<br>in den Bereichen der Wasser- und Abwassergenossenschaft Pischeldorf<br>Von Seiten der Marktgemeinde Magdalensberg gibt es einen Grundsatzbeschluss durch den Gemeinderat vom 8. Juli 2009,<br>dass bei Neuwidmungen je Parzelle eine Bewertungseinheit sowohl f\u00fcr den Kanal<br>als auch f\u00fcr das Wasser vorgeschrieben wird.<\/p>\n\n\n\n<p class=\"has-text-align-center has-neve-text-color-color has-text-color has-link-color wp-elements-7bc8fc5b3318b704e555964eac5c1b54\">Die Genossenschaften Pischeldorf schlie\u00dfen sich<br>diesem Grundsatzbeschluss der Marktgemeinde Magdalensberg an.<\/p>\n<\/div><\/div>\n","protected":false},"excerpt":{"rendered":"<p>Antragsformulare Hier finden Sie die Antragsformulare f\u00fcr Kanal- und Wasseranschluss. Formular bitte ausdrucken, ausf\u00fcllen und dem Vorstand der jeweiligen Genossenschaft \u00fcbergeben oder per mail an office@awg-wg-9064.at Tarif\/Kosten Wasserbezug Anschlussgeb\u00fchr: 100m\u00b2 Wohnfl\u00e4che = 1 Bewertungseinheit = 2.180 \u20ac Tarif: 1,00 \u20ac je m\u00b3 Wasserbezug sowie 30 \u20ac je BewertungseinheitTariferh\u00f6hung ab n\u00e4chstem Abrechnungszeitraum: 1,50 \u20ac je m\u00b3&hellip;&nbsp;<a href=\"https:\/\/wg-awg-pischeldorf.at\/newws\/antragsformulare\/\" rel=\"bookmark\">Weiterlesen &raquo;<span class=\"screen-reader-text\">Tarife und Antr\u00e4ge<\/span><\/a><\/p>\n","protected":false},"author":1,"featured_media":0,"parent":0,"menu_order":0,"comment_status":"closed","ping_status":"closed","template":"","meta":{"neve_meta_sidebar":"full-width","neve_meta_container":"","neve_meta_enable_content_width":"on","neve_meta_content_width":100,"neve_meta_title_alignment":"","neve_meta_author_avatar":"","neve_post_elements_order":"","neve_meta_disable_header":"","neve_meta_disable_footer":"","neve_meta_disable_title":"on","ngg_post_thumbnail":0,"footnotes":""},"class_list":["post-192","page","type-page","status-publish","hentry"],"_links":{"self":[{"href":"https:\/\/wg-awg-pischeldorf.at\/newws\/wp-json\/wp\/v2\/pages\/192","targetHints":{"allow":["GET"]}}],"collection":[{"href":"https:\/\/wg-awg-pischeldorf.at\/newws\/wp-json\/wp\/v2\/pages"}],"about":[{"href":"https:\/\/wg-awg-pischeldorf.at\/newws\/wp-json\/wp\/v2\/types\/page"}],"author":[{"embeddable":true,"href":"https:\/\/wg-awg-pischeldorf.at\/newws\/wp-json\/wp\/v2\/users\/1"}],"replies":[{"embeddable":true,"href":"https:\/\/wg-awg-pischeldorf.at\/newws\/wp-json\/wp\/v2\/comments?post=192"}],"version-history":[{"count":18,"href":"https:\/\/wg-awg-pischeldorf.at\/newws\/wp-json\/wp\/v2\/pages\/192\/revisions"}],"predecessor-version":[{"id":538,"href":"https:\/\/wg-awg-pischeldorf.at\/newws\/wp-json\/wp\/v2\/pages\/192\/revisions\/538"}],"wp:attachment":[{"href":"https:\/\/wg-awg-pischeldorf.at\/newws\/wp-json\/wp\/v2\/media?parent=192"}],"curies":[{"name":"wp","href":"https:\/\/api.w.org\/{rel}","templated":true}]}}