{"id":110,"date":"2024-09-09T19:17:25","date_gmt":"2024-09-09T17:17:25","guid":{"rendered":"https:\/\/wg-awg-pischeldorf.at\/newws\/?page_id=110"},"modified":"2024-09-13T13:58:04","modified_gmt":"2024-09-13T11:58:04","slug":"vorstand-abwassergenossenschaft","status":"publish","type":"page","link":"https:\/\/wg-awg-pischeldorf.at\/newws\/vorstand-abwassergenossenschaft\/","title":{"rendered":"Vorstand Abwassergenossenschaft"},"content":{"rendered":"\n<div class=\"wp-block-cover alignfull is-light\" style=\"min-height:50px;aspect-ratio:unset;\"><span aria-hidden=\"true\" class=\"wp-block-cover__background has-background-dim-0 has-background-dim\" style=\"background-color:#FFF\"><\/span><video class=\"wp-block-cover__video-background intrinsic-ignore\" autoplay muted loop playsinline src=\"https:\/\/wg-awg-pischeldorf.at\/newws\/wp-content\/uploads\/2024\/09\/Header.mp4\" style=\"object-position:50% 50%\" data-object-fit=\"cover\" data-object-position=\"50% 50%\"><\/video><div class=\"wp-block-cover__inner-container is-layout-constrained wp-block-cover-is-layout-constrained\">\n<blockquote class=\"wp-block-quote is-layout-flow wp-block-quote-is-layout-flow\">\n<p class=\"has-nv-site-bg-color has-text-color has-link-color wp-elements-b27ad4d4f846d4a0c7d2005d339b05ee\"><\/p>\n<\/blockquote>\n<\/div><\/div>\n\n\n\n<div style=\"height:25px\" aria-hidden=\"true\" class=\"wp-block-spacer\"><\/div>\n\n\n\n<h4 class=\"wp-block-heading has-text-align-left\">Vorstand und Ansprechpartner Abwassergenossenschaft<\/h4>\n\n\n\n<div class=\"wp-block-cover alignfull has-neve-text-color-color has-text-color has-link-color wp-elements-e12a247d0952db53c08d6b3efbae4011\" style=\"min-height:420px;aspect-ratio:unset;\"><span aria-hidden=\"true\" class=\"wp-block-cover__background has-nv-light-bg-background-color has-background-dim-100 has-background-dim\"><\/span><div class=\"wp-block-cover__inner-container is-layout-flow wp-block-cover-is-layout-flow\">\n<div style=\"height:9px\" aria-hidden=\"true\" class=\"wp-block-spacer\"><\/div>\n\n\n\n<p class=\"has-medium-font-size\">Obmann &#8211; BM Ing. Enrico Stach &#8211; <a href=\"tel:+4342342454111\">+43664 \/ 9160300<\/a><br>1. Obmann StV &#8211; Patscheider Helmut Jun.<br>2. Obmann StV &#8211; Prie\u00dfner Alfons &#8211; <a href=\"tel:+4342342454111\">+43664 \/ 5020159<\/a><br>Kassier &#8211; Salzmann Werner<br>Kassier StV &#8211; Laure Arnulf<br>Schriftf\u00fchrer &#8211; Ing. Kramer Herbert<br>Schriftf\u00fchrer StV &#8211; Pichler Ewald <br>Kl\u00e4rw\u00e4rter &#8211; Prie\u00dfner Alfons<br>Vorstandsmitglied &#8211; LAbg. Bgm. Andreas Scherwitzl, i.V. GR Markus Bleiweiss<br>Vorstandsmitglied &#8211; Schellander Franz<br>Vorstandsmitglied &#8211; Gottfried Plieschnegger<br>Web &#8211; Stefan R\u00fcckenbaum<\/p>\n\n\n\n<p class=\"has-neve-text-color-color has-text-color has-link-color has-medium-font-size wp-elements-671847457dea5f87ff89ea1003656eb1\">EVN Betriebsf\u00fchrer Bereitschaft <a href=\"tel:+4342342454111\">+434234 \/ 2454111<\/a><\/p>\n<\/div><\/div>\n\n\n\n<div style=\"height:21px\" aria-hidden=\"true\" class=\"wp-block-spacer\"><\/div>\n\n\n\n<p class=\"has-medium-font-size\">Unser Kl\u00e4rw\u00e4rter Herr Prie\u00dfner Alfons ist der zust\u00e4ndige Ansprechpartner betreffend der Abwasserentsorgung.<\/p>\n\n\n\n<p class=\"has-medium-font-size\">Unser Obmann, BM Ing. Enrico Stach, 9064 Freudenberg 32,  ist Ihr Ansprechpartner betreffend Aufschlie\u00dfungen und Widmungen.<\/p>\n\n\n\n<p><\/p>\n","protected":false},"excerpt":{"rendered":"<p>Vorstand und Ansprechpartner Abwassergenossenschaft Unser Kl\u00e4rw\u00e4rter Herr Prie\u00dfner Alfons ist der zust\u00e4ndige Ansprechpartner betreffend der Abwasserentsorgung. Unser Obmann, BM Ing. Enrico Stach, 9064 Freudenberg 32, ist Ihr Ansprechpartner betreffend Aufschlie\u00dfungen und Widmungen.<\/p>\n","protected":false},"author":1,"featured_media":0,"parent":0,"menu_order":0,"comment_status":"closed","ping_status":"closed","template":"","meta":{"neve_meta_sidebar":"full-width","neve_meta_container":"default","neve_meta_enable_content_width":"on","neve_meta_content_width":100,"neve_meta_title_alignment":"","neve_meta_author_avatar":"","neve_post_elements_order":"","neve_meta_disable_header":"","neve_meta_disable_footer":"","neve_meta_disable_title":"on","ngg_post_thumbnail":0,"footnotes":""},"class_list":["post-110","page","type-page","status-publish","hentry"],"_links":{"self":[{"href":"https:\/\/wg-awg-pischeldorf.at\/newws\/wp-json\/wp\/v2\/pages\/110","targetHints":{"allow":["GET"]}}],"collection":[{"href":"https:\/\/wg-awg-pischeldorf.at\/newws\/wp-json\/wp\/v2\/pages"}],"about":[{"href":"https:\/\/wg-awg-pischeldorf.at\/newws\/wp-json\/wp\/v2\/types\/page"}],"author":[{"embeddable":true,"href":"https:\/\/wg-awg-pischeldorf.at\/newws\/wp-json\/wp\/v2\/users\/1"}],"replies":[{"embeddable":true,"href":"https:\/\/wg-awg-pischeldorf.at\/newws\/wp-json\/wp\/v2\/comments?post=110"}],"version-history":[{"count":21,"href":"https:\/\/wg-awg-pischeldorf.at\/newws\/wp-json\/wp\/v2\/pages\/110\/revisions"}],"predecessor-version":[{"id":417,"href":"https:\/\/wg-awg-pischeldorf.at\/newws\/wp-json\/wp\/v2\/pages\/110\/revisions\/417"}],"wp:attachment":[{"href":"https:\/\/wg-awg-pischeldorf.at\/newws\/wp-json\/wp\/v2\/media?parent=110"}],"curies":[{"name":"wp","href":"https:\/\/api.w.org\/{rel}","templated":true}]}}